{"id":8691,"date":"2026-02-21T11:39:01","date_gmt":"2026-02-21T10:39:01","guid":{"rendered":"https:\/\/tamver.eu\/base\/"},"modified":"2026-05-01T12:37:47","modified_gmt":"2026-05-01T10:37:47","slug":"base","status":"publish","type":"page","link":"https:\/\/tamver.eu\/ca\/base\/","title":{"rendered":"Base"},"content":{"rendered":"\t\t<div data-elementor-type=\"wp-page\" data-elementor-id=\"8691\" class=\"elementor elementor-8691 elementor-6046\" data-elementor-post-type=\"page\">\n\t\t\t\t<div class=\"elementor-element elementor-element-9e76cb8 e-con-full e-flex e-con e-parent\" data-id=\"9e76cb8\" data-element_type=\"container\" data-e-type=\"container\" data-settings=\"{&quot;background_background&quot;:&quot;classic&quot;}\">\n\t\t<div class=\"elementor-element elementor-element-537f5d6 e-con-full e-flex e-con e-child\" data-id=\"537f5d6\" data-element_type=\"container\" data-e-type=\"container\">\n\t\t\t\t<div class=\"elementor-element elementor-element-811e3f2 elementor-widget elementor-widget-text-editor\" data-id=\"811e3f2\" data-element_type=\"widget\" data-e-type=\"widget\" data-widget_type=\"text-editor.default\">\n\t\t\t\t\t\t\t\t\t<h2>BASE<\/h2>\t\t\t\t\t\t\t\t<\/div>\n\t\t\t\t<\/div>\n\t\t\t\t<div class=\"elementor-element elementor-element-1147bd2 elementor-widget__width-initial elementor-widget elementor-widget-text-editor\" data-id=\"1147bd2\" data-element_type=\"widget\" data-e-type=\"widget\" data-widget_type=\"text-editor.default\">\n\t\t\t\t\t\t\t\t\t<p>Si l\u2019estabilitat fos est\u00e0tica, caldria una mesura sistem\u00e0tica?<\/p>\t\t\t\t\t\t\t\t<\/div>\n\t\t\t\t<\/div>\n\t\t<div class=\"elementor-element elementor-element-f080f78 e-con-full e-flex e-con e-parent\" data-id=\"f080f78\" data-element_type=\"container\" data-e-type=\"container\" data-settings=\"{&quot;background_background&quot;:&quot;classic&quot;}\">\n\t\t<div class=\"elementor-element elementor-element-8f3cd79 e-con-full e-flex e-con e-child\" data-id=\"8f3cd79\" data-element_type=\"container\" data-e-type=\"container\">\n\t\t\t\t<div class=\"elementor-element elementor-element-aeda2b1 elementor-widget__width-initial elementor-widget elementor-widget-heading\" data-id=\"aeda2b1\" data-element_type=\"widget\" data-e-type=\"widget\" data-widget_type=\"heading.default\">\n\t\t\t\t\t<p class=\"elementor-heading-title elementor-size-default\">Model de coordenades de seguretat (SCM)<\/p>\t\t\t\t<\/div>\n\t\t\t\t<\/div>\n\t\t<div class=\"elementor-element elementor-element-dd094d1 e-con-full e-flex e-con e-child\" data-id=\"dd094d1\" data-element_type=\"container\" data-e-type=\"container\">\n\t\t\t\t<div class=\"elementor-element elementor-element-ab9d9fc elementor-widget__width-initial elementor-widget elementor-widget-text-editor\" data-id=\"ab9d9fc\" data-element_type=\"widget\" data-e-type=\"widget\" data-widget_type=\"text-editor.default\">\n\t\t\t\t\t\t\t\t\t<p>Un model de coordenades de seguretat per situar la seguretat organitzativa a trav\u00e9s de<br>dimensions fonamentals.<\/p>\t\t\t\t\t\t\t\t<\/div>\n\t\t\t\t<\/div>\n\t\t\t\t<\/div>\n\t\t<div class=\"elementor-element elementor-element-018e93f e-con-full e-flex e-con e-parent\" data-id=\"018e93f\" data-element_type=\"container\" data-e-type=\"container\" data-settings=\"{&quot;background_background&quot;:&quot;classic&quot;}\">\n\t\t<div class=\"elementor-element elementor-element-4acab70 e-con-full e-flex e-con e-child\" data-id=\"4acab70\" data-element_type=\"container\" data-e-type=\"container\" data-settings=\"{&quot;background_background&quot;:&quot;classic&quot;}\">\n\t\t<div class=\"elementor-element elementor-element-f65c7c2 e-con-full e-flex e-con e-child\" data-id=\"f65c7c2\" data-element_type=\"container\" data-e-type=\"container\">\n\t\t\t\t<div class=\"elementor-element elementor-element-bf0a353 elementor-widget elementor-widget-text-editor\" data-id=\"bf0a353\" data-element_type=\"widget\" data-e-type=\"widget\" data-widget_type=\"text-editor.default\">\n\t\t\t\t\t\t\t\t\t<p>1.<br>Estableix la posici\u00f3 de<br>l\u2019organitzaci\u00f3 dins de<br>l\u2019estructura global de<br>seguretat.<\/p>\t\t\t\t\t\t\t\t<\/div>\n\t\t\t\t<\/div>\n\t\t<div class=\"elementor-element elementor-element-fc52069 e-con-full e-flex e-con e-child\" data-id=\"fc52069\" data-element_type=\"container\" data-e-type=\"container\">\n\t\t\t\t<div class=\"elementor-element elementor-element-939c1c5 elementor-widget elementor-widget-text-editor\" data-id=\"939c1c5\" data-element_type=\"widget\" data-e-type=\"widget\" data-widget_type=\"text-editor.default\">\n\t\t\t\t\t\t\t\t\t<p>2.<br>Avalua les<br>coordenades<br>estructurals internes<br>que afecten la<br>seguretat del sistema.<\/p>\t\t\t\t\t\t\t\t<\/div>\n\t\t\t\t<\/div>\n\t\t<div class=\"elementor-element elementor-element-e462a83 e-con-full e-flex e-con e-child\" data-id=\"e462a83\" data-element_type=\"container\" data-e-type=\"container\">\n\t\t\t\t<div class=\"elementor-element elementor-element-5aa6ff2 elementor-widget elementor-widget-text-editor\" data-id=\"5aa6ff2\" data-element_type=\"widget\" data-e-type=\"widget\" data-widget_type=\"text-editor.default\">\n\t\t\t\t\t\t\t\t\t<p>3.<br>Estableix el ritme<br>estrat\u00e8gic.<\/p>\t\t\t\t\t\t\t\t<\/div>\n\t\t\t\t<\/div>\n\t\t<div class=\"elementor-element elementor-element-d6686e1 e-con-full e-flex e-con e-child\" data-id=\"d6686e1\" data-element_type=\"container\" data-e-type=\"container\">\n\t\t\t\t<div class=\"elementor-element elementor-element-f0c58e0 elementor-widget elementor-widget-text-editor\" data-id=\"f0c58e0\" data-element_type=\"widget\" data-e-type=\"widget\" data-widget_type=\"text-editor.default\">\n\t\t\t\t\t\t\t\t\t<p>4.<br>Identifica els nivells<br>d\u2019estabilitat estructural i<br>les zones de pressi\u00f3<br>cr\u00edtica.<\/p>\t\t\t\t\t\t\t\t<\/div>\n\t\t\t\t<\/div>\n\t\t\t\t<\/div>\n\t\t\t\t<\/div>\n\t\t<div class=\"elementor-element elementor-element-398767a e-con-full e-flex e-con e-parent\" data-id=\"398767a\" data-element_type=\"container\" data-e-type=\"container\">\n\t\t\t\t<div class=\"elementor-element elementor-element-c87fcda elementor-widget elementor-widget-image\" data-id=\"c87fcda\" data-element_type=\"widget\" data-e-type=\"widget\" data-widget_type=\"image.default\">\n\t\t\t\t\t\t\t\t\t\t\t\t\t\t\t<img fetchpriority=\"high\" decoding=\"async\" width=\"1820\" height=\"1024\" src=\"https:\/\/tamver.eu\/wp-content\/uploads\/2026\/02\/TAMVER-FINALES-HALL-NEW.jpg\" class=\"attachment-full size-full wp-image-8690\" alt=\"\" srcset=\"https:\/\/tamver.eu\/wp-content\/uploads\/2026\/02\/TAMVER-FINALES-HALL-NEW.jpg 1820w, https:\/\/tamver.eu\/wp-content\/uploads\/2026\/02\/TAMVER-FINALES-HALL-NEW-300x169.jpg 300w, https:\/\/tamver.eu\/wp-content\/uploads\/2026\/02\/TAMVER-FINALES-HALL-NEW-1024x576.jpg 1024w, https:\/\/tamver.eu\/wp-content\/uploads\/2026\/02\/TAMVER-FINALES-HALL-NEW-768x432.jpg 768w, https:\/\/tamver.eu\/wp-content\/uploads\/2026\/02\/TAMVER-FINALES-HALL-NEW-1536x864.jpg 1536w\" sizes=\"(max-width: 1820px) 100vw, 1820px\" \/>\t\t\t\t\t\t\t\t\t\t\t\t\t\t\t<\/div>\n\t\t\t\t<\/div>\n\t\t<div class=\"elementor-element elementor-element-728711d e-flex e-con-boxed e-con e-parent\" data-id=\"728711d\" data-element_type=\"container\" data-e-type=\"container\" data-settings=\"{&quot;background_background&quot;:&quot;classic&quot;}\">\n\t\t\t\t\t<div class=\"e-con-inner\">\n\t\t<div class=\"elementor-element elementor-element-f7cd16b e-con-full e-flex e-con e-child\" data-id=\"f7cd16b\" data-element_type=\"container\" data-e-type=\"container\" data-settings=\"{&quot;background_background&quot;:&quot;classic&quot;}\">\n\t\t\t\t<div class=\"elementor-element elementor-element-d799ad9 elementor-widget__width-initial elementor-widget elementor-widget-heading\" data-id=\"d799ad9\" data-element_type=\"widget\" data-e-type=\"widget\" data-widget_type=\"heading.default\">\n\t\t\t\t\t<p class=\"elementor-heading-title elementor-size-default\">Visi\u00f3 t\u00e8cnica general:<\/p>\t\t\t\t<\/div>\n\t\t\t\t<div class=\"elementor-element elementor-element-f2caf41 elementor-widget__width-initial elementor-widget elementor-widget-text-editor\" data-id=\"f2caf41\" data-element_type=\"widget\" data-e-type=\"widget\" data-widget_type=\"text-editor.default\">\n\t\t\t\t\t\t\t\t\t<p>Aquest document presenta la l\u00f2gica estructural i el marc d\u2019aplicaci\u00f3 de l\u2019SCM.<\/p>\t\t\t\t\t\t\t\t<\/div>\n\t\t\t\t<div class=\"elementor-element elementor-element-8c087cc elementor-align-center btn1 elementor-widget elementor-widget-button\" data-id=\"8c087cc\" data-element_type=\"widget\" data-e-type=\"widget\" id=\"boton-desplegar\" data-widget_type=\"button.default\">\n\t\t\t\t\t\t\t\t\t\t<a class=\"elementor-button elementor-button-link elementor-size-sm\" href=\"#\">\n\t\t\t\t\t\t<span class=\"elementor-button-content-wrapper\">\n\t\t\t\t\t\t\t\t\t<span class=\"elementor-button-text\">Sol\u00b7licitud de document:<\/span>\n\t\t\t\t\t<\/span>\n\t\t\t\t\t<\/a>\n\t\t\t\t\t\t\t\t<\/div>\n\t\t\t\t<div class=\"elementor-element elementor-element-a06b02e elementor-widget__width-initial elementor-widget elementor-widget-text-editor\" data-id=\"a06b02e\" data-element_type=\"widget\" data-e-type=\"widget\" data-widget_type=\"text-editor.default\">\n\t\t\t\t\t\t\t\t\tPDF \u00b7 Base metodol\u00f2gica\t\t\t\t\t\t\t\t<\/div>\n\t\t\t\t<\/div>\n\t\t\t\t<div class=\"elementor-element elementor-element-97addd1 elementor-widget elementor-widget-html\" data-id=\"97addd1\" data-element_type=\"widget\" data-e-type=\"widget\" data-widget_type=\"html.default\">\n\t\t\t\t\t<script>jQuery(document).ready(function($) {\n    \/\/ Definimos las variables\n    var $boton = $('#boton-desplegar');\n    var $formulario = $('#mi-formulario-desplegable');\n\n    $boton.on('click', function(e) {\n        e.preventDefault(); \/\/ Evitamos que el bot\u00f3n haga scroll al inicio\n        \n        \/\/ Animaci\u00f3n de despliegue (400ms es la velocidad)\n        $formulario.slideToggle(400, function() {\n            \/\/ Si el formulario se acaba de abrir, hacemos scroll suave hacia \u00e9l\n            if ($formulario.is(':visible')) {\n                $('html, body').animate({\n                    scrollTop: $formulario.offset().top - 100 \/\/ -100px para que no quede pegado arriba\n                }, 600);\n            }\n        });\n    });\n});\n<\/script>\t\t\t\t<\/div>\n\t\t<div class=\"elementor-element elementor-element-c94d006 e-con-full elementor-hidden-desktop elementor-hidden-tablet elementor-hidden-mobile e-flex e-con e-child\" data-id=\"c94d006\" data-element_type=\"container\" data-e-type=\"container\" id=\"mi-formulario-desplegable\" data-settings=\"{&quot;background_background&quot;:&quot;classic&quot;}\">\n\t\t\t\t<div class=\"elementor-element elementor-element-c515de0 elementor-widget__width-initial elementor-widget elementor-widget-text-editor\" data-id=\"c515de0\" data-element_type=\"widget\" data-e-type=\"widget\" data-widget_type=\"text-editor.default\">\n\t\t\t\t\t\t\t\t\t<p>Aquest document es comparteix com a refer\u00e8ncia metodol\u00f2gica.<\/p>\t\t\t\t\t\t\t\t<\/div>\n\t\t\t\t<div class=\"elementor-element elementor-element-27b8d69 elementor-button-align-center formBaseline elementor-widget elementor-widget-form\" data-id=\"27b8d69\" data-element_type=\"widget\" data-e-type=\"widget\" data-settings=\"{&quot;step_next_label&quot;:&quot;Seg\\u00fcent&quot;,&quot;step_previous_label&quot;:&quot;Anterior&quot;,&quot;button_width&quot;:&quot;100&quot;,&quot;step_type&quot;:&quot;number_text&quot;,&quot;step_icon_shape&quot;:&quot;circle&quot;}\" data-widget_type=\"form.default\">\n\t\t\t\t\t\t\t<form class=\"elementor-form\" method=\"post\" name=\"Forma la l\u00ednia de base\" aria-label=\"Forma la l\u00ednia de base\">\n\t\t\t<input type=\"hidden\" name=\"post_id\" value=\"8691\"\/>\n\t\t\t<input type=\"hidden\" name=\"form_id\" value=\"27b8d69\"\/>\n\t\t\t<input type=\"hidden\" name=\"referer_title\" value=\"Tamver | Estabilitat estructural i consultoria estrat\u00e8gica\" \/>\n\n\t\t\t\t\t\t\t<input type=\"hidden\" name=\"queried_id\" value=\"8691\"\/>\n\t\t\t\n\t\t\t<div class=\"elementor-form-fields-wrapper elementor-labels-\">\n\t\t\t\t\t\t\t\t<div class=\"elementor-field-type-text elementor-field-group elementor-column elementor-field-group-name elementor-col-50\">\n\t\t\t\t\t\t\t\t\t\t\t\t<label for=\"form-field-name\" class=\"elementor-field-label elementor-screen-only\">\n\t\t\t\t\t\t\t\tNom\t\t\t\t\t\t\t<\/label>\n\t\t\t\t\t\t\t\t\t\t\t\t\t\t<input size=\"1\" type=\"text\" name=\"form_fields[name]\" id=\"form-field-name\" class=\"elementor-field elementor-size-sm  elementor-field-textual\" placeholder=\"Nom\">\n\t\t\t\t\t\t\t\t\t\t\t<\/div>\n\t\t\t\t\t\t\t\t<div class=\"elementor-field-type-text elementor-field-group elementor-column elementor-field-group-field_f8d158b elementor-col-50\">\n\t\t\t\t\t\t\t\t\t\t\t\t<label for=\"form-field-field_f8d158b\" class=\"elementor-field-label elementor-screen-only\">\n\t\t\t\t\t\t\t\tOrganitzaci\u00f3\t\t\t\t\t\t\t<\/label>\n\t\t\t\t\t\t\t\t\t\t\t\t\t\t<input size=\"1\" type=\"text\" name=\"form_fields[field_f8d158b]\" id=\"form-field-field_f8d158b\" class=\"elementor-field elementor-size-sm  elementor-field-textual\" placeholder=\"Organitzaci\u00f3\">\n\t\t\t\t\t\t\t\t\t\t\t<\/div>\n\t\t\t\t\t\t\t\t<div class=\"elementor-field-type-email elementor-field-group elementor-column elementor-field-group-email elementor-col-50 elementor-field-required\">\n\t\t\t\t\t\t\t\t\t\t\t\t<label for=\"form-field-email\" class=\"elementor-field-label elementor-screen-only\">\n\t\t\t\t\t\t\t\tEmail\t\t\t\t\t\t\t<\/label>\n\t\t\t\t\t\t\t\t\t\t\t\t\t\t<input size=\"1\" type=\"email\" name=\"form_fields[email]\" id=\"form-field-email\" class=\"elementor-field elementor-size-sm  elementor-field-textual\" placeholder=\"Work email\" required=\"required\">\n\t\t\t\t\t\t\t\t\t\t\t<\/div>\n\t\t\t\t\t\t\t\t<div class=\"elementor-field-type-acceptance elementor-field-group elementor-column elementor-field-group-field_b0f82cb elementor-col-100\">\n\t\t\t\t\t\t\t<div class=\"elementor-field-subgroup\">\n\t\t\t<span class=\"elementor-field-option\">\n\t\t\t\t<input type=\"checkbox\" name=\"form_fields[field_b0f82cb]\" id=\"form-field-field_b0f82cb\" class=\"elementor-field elementor-size-sm  elementor-acceptance-field\">\n\t\t\t\t<label for=\"form-field-field_b0f82cb\">He llegit i accepto la Pol\u00edtica de privacitat i els Termes de servei.<\/label>\t\t\t<\/span>\n\t\t<\/div>\n\t\t\t\t\t\t<\/div>\n\t\t\t\t\t\t\t\t<div class=\"elementor-field-group elementor-column elementor-field-type-submit elementor-col-100 e-form__buttons\">\n\t\t\t\t\t<button class=\"elementor-button elementor-size-sm\" type=\"submit\">\n\t\t\t\t\t\t<span class=\"elementor-button-content-wrapper\">\n\t\t\t\t\t\t\t\t\t\t\t\t\t\t\t\t\t\t\t\t\t\t<span class=\"elementor-button-text\">enviar<\/span>\n\t\t\t\t\t\t\t\t\t\t\t\t\t<\/span>\n\t\t\t\t\t<\/button>\n\t\t\t\t<\/div>\n\t\t\t<\/div>\n\t\t<\/form>\n\t\t\t\t\t\t<\/div>\n\t\t\t\t<\/div>\n\t\t\t\t\t<\/div>\n\t\t\t\t<\/div>\n\t\t\t\t<\/div>\n\t\t","protected":false},"excerpt":{"rendered":"<p>BASE Si l\u2019estabilitat fos est\u00e0tica, caldria una mesura sistem\u00e0tica? Model de coordenades de seguretat (SCM) Un model de coordenades de seguretat per situar la seguretat organitzativa a trav\u00e9s dedimensions fonamentals. 1.Estableix la posici\u00f3 del\u2019organitzaci\u00f3 dins del\u2019estructura global deseguretat. 2.Avalua lescoordenadesestructurals internesque afecten laseguretat del sistema. 3.Estableix el ritmeestrat\u00e8gic. 4.Identifica els nivellsd\u2019estabilitat estructural iles zones de [&hellip;]<\/p>\n","protected":false},"author":2,"featured_media":0,"parent":0,"menu_order":0,"comment_status":"closed","ping_status":"closed","template":"elementor_header_footer","meta":{"footnotes":""},"class_list":["post-8691","page","type-page","status-publish","hentry"],"yoast_head":"<!-- This site is optimized with the Yoast SEO plugin v27.5 - https:\/\/yoast.com\/product\/yoast-seo-wordpress\/ -->\n<title>Tamver | Estabilitat estructural i consultoria estrat\u00e8gica<\/title>\n<meta name=\"description\" content=\"Assoleix l&#039;estabilitat estructural institucional amb Tamver. La nostra metodologia anal\u00edtica aclareix din\u00e0miques complexes per garantir la coher\u00e8ncia i la resili\u00e8ncia a llarg termini.\" \/>\n<meta name=\"robots\" content=\"index, follow, max-snippet:-1, max-image-preview:large, max-video-preview:-1\" \/>\n<link rel=\"canonical\" href=\"https:\/\/tamver.eu\/ca\/base\/\" \/>\n<meta property=\"og:locale\" content=\"en_US\" \/>\n<meta property=\"og:type\" content=\"article\" \/>\n<meta property=\"og:title\" content=\"Tamver | Estabilitat estructural i consultoria estrat\u00e8gica\" \/>\n<meta property=\"og:description\" content=\"Assoleix l&#039;estabilitat estructural institucional amb Tamver. La nostra metodologia anal\u00edtica aclareix din\u00e0miques complexes per garantir la coher\u00e8ncia i la resili\u00e8ncia a llarg termini.\" \/>\n<meta property=\"og:url\" content=\"https:\/\/tamver.eu\/ca\/base\/\" \/>\n<meta property=\"og:site_name\" content=\"Tamver\" \/>\n<meta property=\"article:publisher\" content=\"https:\/\/www.facebook.com\/profile.php?id=61572356020049\" \/>\n<meta property=\"article:modified_time\" content=\"2026-05-01T10:37:47+00:00\" \/>\n<meta property=\"og:image\" content=\"https:\/\/tamver.eu\/wp-content\/uploads\/2026\/02\/TAMVER-FINALES-HALL-NEW.jpg\" \/>\n\t<meta property=\"og:image:width\" content=\"1820\" \/>\n\t<meta property=\"og:image:height\" content=\"1024\" \/>\n\t<meta property=\"og:image:type\" content=\"image\/jpeg\" \/>\n<meta name=\"twitter:card\" content=\"summary_large_image\" \/>\n<meta name=\"twitter:site\" content=\"@Tamver_\" \/>\n<meta name=\"twitter:label1\" content=\"Est. reading time\" \/>\n\t<meta name=\"twitter:data1\" content=\"1 minute\" \/>\n<script type=\"application\/ld+json\" class=\"yoast-schema-graph\">{\"@context\":\"https:\\\/\\\/schema.org\",\"@graph\":[{\"@type\":\"WebPage\",\"@id\":\"https:\\\/\\\/tamver.eu\\\/ca\\\/base\\\/\",\"url\":\"https:\\\/\\\/tamver.eu\\\/ca\\\/base\\\/\",\"name\":\"Tamver | Estabilitat estructural i consultoria estrat\u00e8gica\",\"isPartOf\":{\"@id\":\"https:\\\/\\\/tamver.eu\\\/#website\"},\"primaryImageOfPage\":{\"@id\":\"https:\\\/\\\/tamver.eu\\\/ca\\\/base\\\/#primaryimage\"},\"image\":{\"@id\":\"https:\\\/\\\/tamver.eu\\\/ca\\\/base\\\/#primaryimage\"},\"thumbnailUrl\":\"https:\\\/\\\/tamver.eu\\\/wp-content\\\/uploads\\\/2026\\\/02\\\/TAMVER-FINALES-HALL-NEW.jpg\",\"datePublished\":\"2026-02-21T10:39:01+00:00\",\"dateModified\":\"2026-05-01T10:37:47+00:00\",\"description\":\"Assoleix l'estabilitat estructural institucional amb Tamver. La nostra metodologia anal\u00edtica aclareix din\u00e0miques complexes per garantir la coher\u00e8ncia i la resili\u00e8ncia a llarg termini.\",\"breadcrumb\":{\"@id\":\"https:\\\/\\\/tamver.eu\\\/ca\\\/base\\\/#breadcrumb\"},\"inLanguage\":\"ca-CA\",\"potentialAction\":[{\"@type\":\"ReadAction\",\"target\":[\"https:\\\/\\\/tamver.eu\\\/ca\\\/base\\\/\"]}]},{\"@type\":\"ImageObject\",\"inLanguage\":\"ca-CA\",\"@id\":\"https:\\\/\\\/tamver.eu\\\/ca\\\/base\\\/#primaryimage\",\"url\":\"https:\\\/\\\/tamver.eu\\\/wp-content\\\/uploads\\\/2026\\\/02\\\/TAMVER-FINALES-HALL-NEW.jpg\",\"contentUrl\":\"https:\\\/\\\/tamver.eu\\\/wp-content\\\/uploads\\\/2026\\\/02\\\/TAMVER-FINALES-HALL-NEW.jpg\"},{\"@type\":\"BreadcrumbList\",\"@id\":\"https:\\\/\\\/tamver.eu\\\/ca\\\/base\\\/#breadcrumb\",\"itemListElement\":[{\"@type\":\"ListItem\",\"position\":1,\"name\":\"Home\",\"item\":\"https:\\\/\\\/tamver.eu\\\/ca\\\/inici\\\/\"},{\"@type\":\"ListItem\",\"position\":2,\"name\":\"Base\"}]},{\"@type\":\"WebSite\",\"@id\":\"https:\\\/\\\/tamver.eu\\\/#website\",\"url\":\"https:\\\/\\\/tamver.eu\\\/\",\"name\":\"tamver.eu\",\"description\":\"\",\"publisher\":{\"@id\":\"https:\\\/\\\/tamver.eu\\\/#organization\"},\"potentialAction\":[{\"@type\":\"SearchAction\",\"target\":{\"@type\":\"EntryPoint\",\"urlTemplate\":\"https:\\\/\\\/tamver.eu\\\/?s={search_term_string}\"},\"query-input\":{\"@type\":\"PropertyValueSpecification\",\"valueRequired\":true,\"valueName\":\"search_term_string\"}}],\"inLanguage\":\"ca-CA\"},{\"@type\":\"Organization\",\"@id\":\"https:\\\/\\\/tamver.eu\\\/#organization\",\"name\":\"Tamver Consulting\",\"url\":\"https:\\\/\\\/tamver.eu\\\/\",\"logo\":{\"@type\":\"ImageObject\",\"inLanguage\":\"ca-CA\",\"@id\":\"https:\\\/\\\/tamver.eu\\\/#\\\/schema\\\/logo\\\/image\\\/\",\"url\":\"https:\\\/\\\/tamver.eu\\\/wp-content\\\/uploads\\\/2026\\\/02\\\/main-logo.png\",\"contentUrl\":\"https:\\\/\\\/tamver.eu\\\/wp-content\\\/uploads\\\/2026\\\/02\\\/main-logo.png\",\"width\":1340,\"height\":348,\"caption\":\"Tamver Consulting\"},\"image\":{\"@id\":\"https:\\\/\\\/tamver.eu\\\/#\\\/schema\\\/logo\\\/image\\\/\"},\"sameAs\":[\"https:\\\/\\\/www.facebook.com\\\/profile.php?id=61572356020049\",\"https:\\\/\\\/x.com\\\/Tamver_\",\"https:\\\/\\\/www.linkedin.com\\\/company\\\/tamver-consulting\\\/\"]}]}<\/script>\n<!-- \/ Yoast SEO plugin. -->","yoast_head_json":{"title":"Tamver | Estabilitat estructural i consultoria estrat\u00e8gica","description":"Assoleix l'estabilitat estructural institucional amb Tamver. La nostra metodologia anal\u00edtica aclareix din\u00e0miques complexes per garantir la coher\u00e8ncia i la resili\u00e8ncia a llarg termini.","robots":{"index":"index","follow":"follow","max-snippet":"max-snippet:-1","max-image-preview":"max-image-preview:large","max-video-preview":"max-video-preview:-1"},"canonical":"https:\/\/tamver.eu\/ca\/base\/","og_locale":"en_US","og_type":"article","og_title":"Tamver | Estabilitat estructural i consultoria estrat\u00e8gica","og_description":"Assoleix l'estabilitat estructural institucional amb Tamver. La nostra metodologia anal\u00edtica aclareix din\u00e0miques complexes per garantir la coher\u00e8ncia i la resili\u00e8ncia a llarg termini.","og_url":"https:\/\/tamver.eu\/ca\/base\/","og_site_name":"Tamver","article_publisher":"https:\/\/www.facebook.com\/profile.php?id=61572356020049","article_modified_time":"2026-05-01T10:37:47+00:00","og_image":[{"width":1820,"height":1024,"url":"https:\/\/tamver.eu\/wp-content\/uploads\/2026\/02\/TAMVER-FINALES-HALL-NEW.jpg","type":"image\/jpeg"}],"twitter_card":"summary_large_image","twitter_site":"@Tamver_","twitter_misc":{"Est. reading time":"1 minute"},"schema":{"@context":"https:\/\/schema.org","@graph":[{"@type":"WebPage","@id":"https:\/\/tamver.eu\/ca\/base\/","url":"https:\/\/tamver.eu\/ca\/base\/","name":"Tamver | Estabilitat estructural i consultoria estrat\u00e8gica","isPartOf":{"@id":"https:\/\/tamver.eu\/#website"},"primaryImageOfPage":{"@id":"https:\/\/tamver.eu\/ca\/base\/#primaryimage"},"image":{"@id":"https:\/\/tamver.eu\/ca\/base\/#primaryimage"},"thumbnailUrl":"https:\/\/tamver.eu\/wp-content\/uploads\/2026\/02\/TAMVER-FINALES-HALL-NEW.jpg","datePublished":"2026-02-21T10:39:01+00:00","dateModified":"2026-05-01T10:37:47+00:00","description":"Assoleix l'estabilitat estructural institucional amb Tamver. La nostra metodologia anal\u00edtica aclareix din\u00e0miques complexes per garantir la coher\u00e8ncia i la resili\u00e8ncia a llarg termini.","breadcrumb":{"@id":"https:\/\/tamver.eu\/ca\/base\/#breadcrumb"},"inLanguage":"ca-CA","potentialAction":[{"@type":"ReadAction","target":["https:\/\/tamver.eu\/ca\/base\/"]}]},{"@type":"ImageObject","inLanguage":"ca-CA","@id":"https:\/\/tamver.eu\/ca\/base\/#primaryimage","url":"https:\/\/tamver.eu\/wp-content\/uploads\/2026\/02\/TAMVER-FINALES-HALL-NEW.jpg","contentUrl":"https:\/\/tamver.eu\/wp-content\/uploads\/2026\/02\/TAMVER-FINALES-HALL-NEW.jpg"},{"@type":"BreadcrumbList","@id":"https:\/\/tamver.eu\/ca\/base\/#breadcrumb","itemListElement":[{"@type":"ListItem","position":1,"name":"Home","item":"https:\/\/tamver.eu\/ca\/inici\/"},{"@type":"ListItem","position":2,"name":"Base"}]},{"@type":"WebSite","@id":"https:\/\/tamver.eu\/#website","url":"https:\/\/tamver.eu\/","name":"tamver.eu","description":"","publisher":{"@id":"https:\/\/tamver.eu\/#organization"},"potentialAction":[{"@type":"SearchAction","target":{"@type":"EntryPoint","urlTemplate":"https:\/\/tamver.eu\/?s={search_term_string}"},"query-input":{"@type":"PropertyValueSpecification","valueRequired":true,"valueName":"search_term_string"}}],"inLanguage":"ca-CA"},{"@type":"Organization","@id":"https:\/\/tamver.eu\/#organization","name":"Tamver Consulting","url":"https:\/\/tamver.eu\/","logo":{"@type":"ImageObject","inLanguage":"ca-CA","@id":"https:\/\/tamver.eu\/#\/schema\/logo\/image\/","url":"https:\/\/tamver.eu\/wp-content\/uploads\/2026\/02\/main-logo.png","contentUrl":"https:\/\/tamver.eu\/wp-content\/uploads\/2026\/02\/main-logo.png","width":1340,"height":348,"caption":"Tamver Consulting"},"image":{"@id":"https:\/\/tamver.eu\/#\/schema\/logo\/image\/"},"sameAs":["https:\/\/www.facebook.com\/profile.php?id=61572356020049","https:\/\/x.com\/Tamver_","https:\/\/www.linkedin.com\/company\/tamver-consulting\/"]}]}},"_links":{"self":[{"href":"https:\/\/tamver.eu\/ca\/wp-json\/wp\/v2\/pages\/8691","targetHints":{"allow":["GET"]}}],"collection":[{"href":"https:\/\/tamver.eu\/ca\/wp-json\/wp\/v2\/pages"}],"about":[{"href":"https:\/\/tamver.eu\/ca\/wp-json\/wp\/v2\/types\/page"}],"author":[{"embeddable":true,"href":"https:\/\/tamver.eu\/ca\/wp-json\/wp\/v2\/users\/2"}],"replies":[{"embeddable":true,"href":"https:\/\/tamver.eu\/ca\/wp-json\/wp\/v2\/comments?post=8691"}],"version-history":[{"count":4,"href":"https:\/\/tamver.eu\/ca\/wp-json\/wp\/v2\/pages\/8691\/revisions"}],"predecessor-version":[{"id":8698,"href":"https:\/\/tamver.eu\/ca\/wp-json\/wp\/v2\/pages\/8691\/revisions\/8698"}],"wp:attachment":[{"href":"https:\/\/tamver.eu\/ca\/wp-json\/wp\/v2\/media?parent=8691"}],"curies":[{"name":"wp","href":"https:\/\/api.w.org\/{rel}","templated":true}]}}